{"id":124319,"date":"2023-02-20T11:00:59","date_gmt":"2023-02-20T10:00:59","guid":{"rendered":"http:\/\/vimova.ch\/?page_id=124319"},"modified":"2023-02-20T11:00:59","modified_gmt":"2023-02-20T10:00:59","slug":"appartement-a-louer-a-fribourg","status":"publish","type":"page","link":"https:\/\/vimova.ch\/fr\/appartement-a-louer-a-fribourg\/","title":{"rendered":"Appartement \u00e0 louer Fribourg"},"content":{"rendered":"","protected":false},"excerpt":{"rendered":"","protected":false},"author":5,"featured_media":0,"parent":0,"menu_order":0,"comment_status":"closed","ping_status":"closed","template":"template-biens-immobiliers-archive.php","meta":{"_acf_changed":false,"footnotes":""},"class_list":["post-124319","page","type-page","status-publish","hentry"],"acf":[],"yoast_head":"<!-- This site is optimized with the Yoast SEO plugin v27.4 - https:\/\/yoast.com\/product\/yoast-seo-wordpress\/ -->\n<title>Appartement \u00e0 louer \u00e0 Fribourg, tous nos biens | Emeria<\/title>\n<meta name=\"description\" content=\"Vous cherchez \u00e0 louer un appartement \u00e0 Fribourg ? Les experts de notre agence immobili\u00e8re sont l\u00e0 pour vous guider et vous aider \u00e0 d\u00e9nicher la perle rare.\" \/>\n<meta name=\"robots\" content=\"index, follow, max-snippet:-1, max-image-preview:large, max-video-preview:-1\" \/>\n<link rel=\"canonical\" href=\"https:\/\/vimova.ch\/fr\/appartement-a-louer-a-fribourg\/\" \/>\n<meta property=\"og:locale\" content=\"fr_FR\" \/>\n<meta property=\"og:type\" content=\"article\" \/>\n<meta property=\"og:title\" content=\"Appartement \u00e0 louer \u00e0 Fribourg, tous nos biens | Emeria\" \/>\n<meta property=\"og:description\" content=\"Vous cherchez \u00e0 louer un appartement \u00e0 Fribourg ? Les experts de notre agence immobili\u00e8re sont l\u00e0 pour vous guider et vous aider \u00e0 d\u00e9nicher la perle rare.\" \/>\n<meta property=\"og:url\" content=\"https:\/\/vimova.ch\/fr\/appartement-a-louer-a-fribourg\/\" \/>\n<meta property=\"og:site_name\" content=\"Vimova\" \/>\n<meta name=\"twitter:card\" content=\"summary_large_image\" \/>\n<script type=\"application\/ld+json\" class=\"yoast-schema-graph\">{\"@context\":\"https:\\\/\\\/schema.org\",\"@graph\":[{\"@type\":\"WebPage\",\"@id\":\"https:\\\/\\\/vimova.ch\\\/fr\\\/appartement-a-louer-a-fribourg\\\/\",\"url\":\"https:\\\/\\\/vimova.ch\\\/fr\\\/appartement-a-louer-a-fribourg\\\/\",\"name\":\"Appartement \u00e0 louer \u00e0 Fribourg, tous nos biens | Emeria\",\"isPartOf\":{\"@id\":\"https:\\\/\\\/vimova.ch\\\/fr\\\/#website\"},\"datePublished\":\"2023-02-20T10:00:59+00:00\",\"description\":\"Vous cherchez \u00e0 louer un appartement \u00e0 Fribourg ? Les experts de notre agence immobili\u00e8re sont l\u00e0 pour vous guider et vous aider \u00e0 d\u00e9nicher la perle rare.\",\"breadcrumb\":{\"@id\":\"https:\\\/\\\/vimova.ch\\\/fr\\\/appartement-a-louer-a-fribourg\\\/#breadcrumb\"},\"inLanguage\":\"fr-FR\",\"potentialAction\":[{\"@type\":\"ReadAction\",\"target\":[\"https:\\\/\\\/vimova.ch\\\/fr\\\/appartement-a-louer-a-fribourg\\\/\"]}]},{\"@type\":\"BreadcrumbList\",\"@id\":\"https:\\\/\\\/vimova.ch\\\/fr\\\/appartement-a-louer-a-fribourg\\\/#breadcrumb\",\"itemListElement\":[{\"@type\":\"ListItem\",\"position\":1,\"name\":\"Accueil\",\"item\":\"https:\\\/\\\/vimova.ch\\\/fr\\\/\"},{\"@type\":\"ListItem\",\"position\":2,\"name\":\"Appartement \u00e0 louer Fribourg\"}]},{\"@type\":\"WebSite\",\"@id\":\"https:\\\/\\\/vimova.ch\\\/fr\\\/#website\",\"url\":\"https:\\\/\\\/vimova.ch\\\/fr\\\/\",\"name\":\"Vimova\",\"description\":\"\",\"publisher\":{\"@id\":\"https:\\\/\\\/vimova.ch\\\/fr\\\/#organization\"},\"potentialAction\":[{\"@type\":\"SearchAction\",\"target\":{\"@type\":\"EntryPoint\",\"urlTemplate\":\"https:\\\/\\\/vimova.ch\\\/fr\\\/?s={search_term_string}\"},\"query-input\":{\"@type\":\"PropertyValueSpecification\",\"valueRequired\":true,\"valueName\":\"search_term_string\"}}],\"inLanguage\":\"fr-FR\"},{\"@type\":\"Organization\",\"@id\":\"https:\\\/\\\/vimova.ch\\\/fr\\\/#organization\",\"name\":\"Vimova\",\"url\":\"https:\\\/\\\/vimova.ch\\\/fr\\\/\",\"logo\":{\"@type\":\"ImageObject\",\"inLanguage\":\"fr-FR\",\"@id\":\"https:\\\/\\\/vimova.ch\\\/fr\\\/#\\\/schema\\\/logo\\\/image\\\/\",\"url\":\"http:\\\/\\\/vimova.ch\\\/wp-content\\\/uploads\\\/2022\\\/12\\\/emeria-logo-menu.png\",\"contentUrl\":\"http:\\\/\\\/vimova.ch\\\/wp-content\\\/uploads\\\/2022\\\/12\\\/emeria-logo-menu.png\",\"width\":382,\"height\":114,\"caption\":\"Vimova\"},\"image\":{\"@id\":\"https:\\\/\\\/vimova.ch\\\/fr\\\/#\\\/schema\\\/logo\\\/image\\\/\"}}]}<\/script>\n<!-- \/ Yoast SEO plugin. -->","yoast_head_json":{"title":"Appartement \u00e0 louer \u00e0 Fribourg, tous nos biens | Emeria","description":"Vous cherchez \u00e0 louer un appartement \u00e0 Fribourg ? Les experts de notre agence immobili\u00e8re sont l\u00e0 pour vous guider et vous aider \u00e0 d\u00e9nicher la perle rare.","robots":{"index":"index","follow":"follow","max-snippet":"max-snippet:-1","max-image-preview":"max-image-preview:large","max-video-preview":"max-video-preview:-1"},"canonical":"https:\/\/vimova.ch\/fr\/appartement-a-louer-a-fribourg\/","og_locale":"fr_FR","og_type":"article","og_title":"Appartement \u00e0 louer \u00e0 Fribourg, tous nos biens | Emeria","og_description":"Vous cherchez \u00e0 louer un appartement \u00e0 Fribourg ? Les experts de notre agence immobili\u00e8re sont l\u00e0 pour vous guider et vous aider \u00e0 d\u00e9nicher la perle rare.","og_url":"https:\/\/vimova.ch\/fr\/appartement-a-louer-a-fribourg\/","og_site_name":"Vimova","twitter_card":"summary_large_image","schema":{"@context":"https:\/\/schema.org","@graph":[{"@type":"WebPage","@id":"https:\/\/vimova.ch\/fr\/appartement-a-louer-a-fribourg\/","url":"https:\/\/vimova.ch\/fr\/appartement-a-louer-a-fribourg\/","name":"Appartement \u00e0 louer \u00e0 Fribourg, tous nos biens | Emeria","isPartOf":{"@id":"https:\/\/vimova.ch\/fr\/#website"},"datePublished":"2023-02-20T10:00:59+00:00","description":"Vous cherchez \u00e0 louer un appartement \u00e0 Fribourg ? Les experts de notre agence immobili\u00e8re sont l\u00e0 pour vous guider et vous aider \u00e0 d\u00e9nicher la perle rare.","breadcrumb":{"@id":"https:\/\/vimova.ch\/fr\/appartement-a-louer-a-fribourg\/#breadcrumb"},"inLanguage":"fr-FR","potentialAction":[{"@type":"ReadAction","target":["https:\/\/vimova.ch\/fr\/appartement-a-louer-a-fribourg\/"]}]},{"@type":"BreadcrumbList","@id":"https:\/\/vimova.ch\/fr\/appartement-a-louer-a-fribourg\/#breadcrumb","itemListElement":[{"@type":"ListItem","position":1,"name":"Accueil","item":"https:\/\/vimova.ch\/fr\/"},{"@type":"ListItem","position":2,"name":"Appartement \u00e0 louer Fribourg"}]},{"@type":"WebSite","@id":"https:\/\/vimova.ch\/fr\/#website","url":"https:\/\/vimova.ch\/fr\/","name":"Vimova","description":"","publisher":{"@id":"https:\/\/vimova.ch\/fr\/#organization"},"potentialAction":[{"@type":"SearchAction","target":{"@type":"EntryPoint","urlTemplate":"https:\/\/vimova.ch\/fr\/?s={search_term_string}"},"query-input":{"@type":"PropertyValueSpecification","valueRequired":true,"valueName":"search_term_string"}}],"inLanguage":"fr-FR"},{"@type":"Organization","@id":"https:\/\/vimova.ch\/fr\/#organization","name":"Vimova","url":"https:\/\/vimova.ch\/fr\/","logo":{"@type":"ImageObject","inLanguage":"fr-FR","@id":"https:\/\/vimova.ch\/fr\/#\/schema\/logo\/image\/","url":"http:\/\/vimova.ch\/wp-content\/uploads\/2022\/12\/emeria-logo-menu.png","contentUrl":"http:\/\/vimova.ch\/wp-content\/uploads\/2022\/12\/emeria-logo-menu.png","width":382,"height":114,"caption":"Vimova"},"image":{"@id":"https:\/\/vimova.ch\/fr\/#\/schema\/logo\/image\/"}}]}},"_links":{"self":[{"href":"https:\/\/vimova.ch\/fr\/wp-json\/wp\/v2\/pages\/124319","targetHints":{"allow":["GET"]}}],"collection":[{"href":"https:\/\/vimova.ch\/fr\/wp-json\/wp\/v2\/pages"}],"about":[{"href":"https:\/\/vimova.ch\/fr\/wp-json\/wp\/v2\/types\/page"}],"author":[{"embeddable":true,"href":"https:\/\/vimova.ch\/fr\/wp-json\/wp\/v2\/users\/5"}],"replies":[{"embeddable":true,"href":"https:\/\/vimova.ch\/fr\/wp-json\/wp\/v2\/comments?post=124319"}],"version-history":[{"count":1,"href":"https:\/\/vimova.ch\/fr\/wp-json\/wp\/v2\/pages\/124319\/revisions"}],"predecessor-version":[{"id":124323,"href":"https:\/\/vimova.ch\/fr\/wp-json\/wp\/v2\/pages\/124319\/revisions\/124323"}],"wp:attachment":[{"href":"https:\/\/vimova.ch\/fr\/wp-json\/wp\/v2\/media?parent=124319"}],"curies":[{"name":"wp","href":"https:\/\/api.w.org\/{rel}","templated":true}]}}