{"id":52996,"date":"2022-12-02T14:49:33","date_gmt":"2022-12-02T13:49:33","guid":{"rendered":"http:\/\/vimova.ch\/?page_id=52996"},"modified":"2025-01-20T15:11:55","modified_gmt":"2025-01-20T14:11:55","slug":"bonnes-adresses","status":"publish","type":"page","link":"https:\/\/vimova.ch\/fr\/bonnes-adresses\/","title":{"rendered":"Trouver des sp\u00e9cialistes"},"content":{"rendered":"","protected":false},"excerpt":{"rendered":"","protected":false},"author":3,"featured_media":0,"parent":0,"menu_order":0,"comment_status":"closed","ping_status":"closed","template":"template-page\/page-nos-bonnes-adresses.php","meta":{"_acf_changed":false,"footnotes":""},"class_list":["post-52996","page","type-page","status-publish","hentry"],"acf":[],"yoast_head":"<!-- This site is optimized with the Yoast SEO plugin v27.5 - https:\/\/yoast.com\/product\/yoast-seo-wordpress\/ -->\n<title>Bonnes adresses, d\u00e9pannages proches de chez vous | Emeria<\/title>\n<meta name=\"description\" content=\"Emeria vous offre ses bonnes adresses pour vos besoins de d\u00e9pannage : carreleur, \u00e9lectricien, paysagiste, serrurier, plombier en Suisse proche de chez vous.\" \/>\n<meta name=\"robots\" content=\"index, follow, max-snippet:-1, max-image-preview:large, max-video-preview:-1\" \/>\n<link rel=\"canonical\" href=\"https:\/\/vimova.ch\/fr\/bonnes-adresses\/\" \/>\n<meta property=\"og:locale\" content=\"fr_FR\" \/>\n<meta property=\"og:type\" content=\"article\" \/>\n<meta property=\"og:title\" content=\"Bonnes adresses, d\u00e9pannages proches de chez vous | Emeria\" \/>\n<meta property=\"og:description\" content=\"Emeria vous offre ses bonnes adresses pour vos besoins de d\u00e9pannage : carreleur, \u00e9lectricien, paysagiste, serrurier, plombier en Suisse proche de chez vous.\" \/>\n<meta property=\"og:url\" content=\"https:\/\/vimova.ch\/fr\/bonnes-adresses\/\" \/>\n<meta property=\"og:site_name\" content=\"Vimova\" \/>\n<meta property=\"article:modified_time\" content=\"2025-01-20T14:11:55+00:00\" \/>\n<meta name=\"twitter:card\" content=\"summary_large_image\" \/>\n<script type=\"application\/ld+json\" class=\"yoast-schema-graph\">{\"@context\":\"https:\\\/\\\/schema.org\",\"@graph\":[{\"@type\":\"WebPage\",\"@id\":\"https:\\\/\\\/vimova.ch\\\/fr\\\/bonnes-adresses\\\/\",\"url\":\"https:\\\/\\\/vimova.ch\\\/fr\\\/bonnes-adresses\\\/\",\"name\":\"Bonnes adresses, d\u00e9pannages proches de chez vous | Emeria\",\"isPartOf\":{\"@id\":\"https:\\\/\\\/vimova.ch\\\/fr\\\/#website\"},\"datePublished\":\"2022-12-02T13:49:33+00:00\",\"dateModified\":\"2025-01-20T14:11:55+00:00\",\"description\":\"Emeria vous offre ses bonnes adresses pour vos besoins de d\u00e9pannage : carreleur, \u00e9lectricien, paysagiste, serrurier, plombier en Suisse proche de chez vous.\",\"breadcrumb\":{\"@id\":\"https:\\\/\\\/vimova.ch\\\/fr\\\/bonnes-adresses\\\/#breadcrumb\"},\"inLanguage\":\"fr-FR\",\"potentialAction\":[{\"@type\":\"ReadAction\",\"target\":[\"https:\\\/\\\/vimova.ch\\\/fr\\\/bonnes-adresses\\\/\"]}]},{\"@type\":\"BreadcrumbList\",\"@id\":\"https:\\\/\\\/vimova.ch\\\/fr\\\/bonnes-adresses\\\/#breadcrumb\",\"itemListElement\":[{\"@type\":\"ListItem\",\"position\":1,\"name\":\"Accueil\",\"item\":\"https:\\\/\\\/vimova.ch\\\/fr\\\/\"},{\"@type\":\"ListItem\",\"position\":2,\"name\":\"Trouver des sp\u00e9cialistes\"}]},{\"@type\":\"WebSite\",\"@id\":\"https:\\\/\\\/vimova.ch\\\/fr\\\/#website\",\"url\":\"https:\\\/\\\/vimova.ch\\\/fr\\\/\",\"name\":\"Vimova\",\"description\":\"\",\"publisher\":{\"@id\":\"https:\\\/\\\/vimova.ch\\\/fr\\\/#organization\"},\"potentialAction\":[{\"@type\":\"SearchAction\",\"target\":{\"@type\":\"EntryPoint\",\"urlTemplate\":\"https:\\\/\\\/vimova.ch\\\/fr\\\/?s={search_term_string}\"},\"query-input\":{\"@type\":\"PropertyValueSpecification\",\"valueRequired\":true,\"valueName\":\"search_term_string\"}}],\"inLanguage\":\"fr-FR\"},{\"@type\":\"Organization\",\"@id\":\"https:\\\/\\\/vimova.ch\\\/fr\\\/#organization\",\"name\":\"Vimova\",\"url\":\"https:\\\/\\\/vimova.ch\\\/fr\\\/\",\"logo\":{\"@type\":\"ImageObject\",\"inLanguage\":\"fr-FR\",\"@id\":\"https:\\\/\\\/vimova.ch\\\/fr\\\/#\\\/schema\\\/logo\\\/image\\\/\",\"url\":\"http:\\\/\\\/vimova.ch\\\/wp-content\\\/uploads\\\/2022\\\/12\\\/emeria-logo-menu.png\",\"contentUrl\":\"http:\\\/\\\/vimova.ch\\\/wp-content\\\/uploads\\\/2022\\\/12\\\/emeria-logo-menu.png\",\"width\":382,\"height\":114,\"caption\":\"Vimova\"},\"image\":{\"@id\":\"https:\\\/\\\/vimova.ch\\\/fr\\\/#\\\/schema\\\/logo\\\/image\\\/\"}}]}<\/script>\n<!-- \/ Yoast SEO plugin. -->","yoast_head_json":{"title":"Bonnes adresses, d\u00e9pannages proches de chez vous | Emeria","description":"Emeria vous offre ses bonnes adresses pour vos besoins de d\u00e9pannage : carreleur, \u00e9lectricien, paysagiste, serrurier, plombier en Suisse proche de chez vous.","robots":{"index":"index","follow":"follow","max-snippet":"max-snippet:-1","max-image-preview":"max-image-preview:large","max-video-preview":"max-video-preview:-1"},"canonical":"https:\/\/vimova.ch\/fr\/bonnes-adresses\/","og_locale":"fr_FR","og_type":"article","og_title":"Bonnes adresses, d\u00e9pannages proches de chez vous | Emeria","og_description":"Emeria vous offre ses bonnes adresses pour vos besoins de d\u00e9pannage : carreleur, \u00e9lectricien, paysagiste, serrurier, plombier en Suisse proche de chez vous.","og_url":"https:\/\/vimova.ch\/fr\/bonnes-adresses\/","og_site_name":"Vimova","article_modified_time":"2025-01-20T14:11:55+00:00","twitter_card":"summary_large_image","schema":{"@context":"https:\/\/schema.org","@graph":[{"@type":"WebPage","@id":"https:\/\/vimova.ch\/fr\/bonnes-adresses\/","url":"https:\/\/vimova.ch\/fr\/bonnes-adresses\/","name":"Bonnes adresses, d\u00e9pannages proches de chez vous | Emeria","isPartOf":{"@id":"https:\/\/vimova.ch\/fr\/#website"},"datePublished":"2022-12-02T13:49:33+00:00","dateModified":"2025-01-20T14:11:55+00:00","description":"Emeria vous offre ses bonnes adresses pour vos besoins de d\u00e9pannage : carreleur, \u00e9lectricien, paysagiste, serrurier, plombier en Suisse proche de chez vous.","breadcrumb":{"@id":"https:\/\/vimova.ch\/fr\/bonnes-adresses\/#breadcrumb"},"inLanguage":"fr-FR","potentialAction":[{"@type":"ReadAction","target":["https:\/\/vimova.ch\/fr\/bonnes-adresses\/"]}]},{"@type":"BreadcrumbList","@id":"https:\/\/vimova.ch\/fr\/bonnes-adresses\/#breadcrumb","itemListElement":[{"@type":"ListItem","position":1,"name":"Accueil","item":"https:\/\/vimova.ch\/fr\/"},{"@type":"ListItem","position":2,"name":"Trouver des sp\u00e9cialistes"}]},{"@type":"WebSite","@id":"https:\/\/vimova.ch\/fr\/#website","url":"https:\/\/vimova.ch\/fr\/","name":"Vimova","description":"","publisher":{"@id":"https:\/\/vimova.ch\/fr\/#organization"},"potentialAction":[{"@type":"SearchAction","target":{"@type":"EntryPoint","urlTemplate":"https:\/\/vimova.ch\/fr\/?s={search_term_string}"},"query-input":{"@type":"PropertyValueSpecification","valueRequired":true,"valueName":"search_term_string"}}],"inLanguage":"fr-FR"},{"@type":"Organization","@id":"https:\/\/vimova.ch\/fr\/#organization","name":"Vimova","url":"https:\/\/vimova.ch\/fr\/","logo":{"@type":"ImageObject","inLanguage":"fr-FR","@id":"https:\/\/vimova.ch\/fr\/#\/schema\/logo\/image\/","url":"http:\/\/vimova.ch\/wp-content\/uploads\/2022\/12\/emeria-logo-menu.png","contentUrl":"http:\/\/vimova.ch\/wp-content\/uploads\/2022\/12\/emeria-logo-menu.png","width":382,"height":114,"caption":"Vimova"},"image":{"@id":"https:\/\/vimova.ch\/fr\/#\/schema\/logo\/image\/"}}]}},"_links":{"self":[{"href":"https:\/\/vimova.ch\/fr\/wp-json\/wp\/v2\/pages\/52996","targetHints":{"allow":["GET"]}}],"collection":[{"href":"https:\/\/vimova.ch\/fr\/wp-json\/wp\/v2\/pages"}],"about":[{"href":"https:\/\/vimova.ch\/fr\/wp-json\/wp\/v2\/types\/page"}],"author":[{"embeddable":true,"href":"https:\/\/vimova.ch\/fr\/wp-json\/wp\/v2\/users\/3"}],"replies":[{"embeddable":true,"href":"https:\/\/vimova.ch\/fr\/wp-json\/wp\/v2\/comments?post=52996"}],"version-history":[{"count":2,"href":"https:\/\/vimova.ch\/fr\/wp-json\/wp\/v2\/pages\/52996\/revisions"}],"predecessor-version":[{"id":676095,"href":"https:\/\/vimova.ch\/fr\/wp-json\/wp\/v2\/pages\/52996\/revisions\/676095"}],"wp:attachment":[{"href":"https:\/\/vimova.ch\/fr\/wp-json\/wp\/v2\/media?parent=52996"}],"curies":[{"name":"wp","href":"https:\/\/api.w.org\/{rel}","templated":true}]}}