{"id":861343,"date":"2025-10-15T12:15:25","date_gmt":"2025-10-15T10:15:25","guid":{"rendered":"https:\/\/vimova.ch\/?page_id=861343"},"modified":"2026-03-18T09:27:17","modified_gmt":"2026-03-18T08:27:17","slug":"carriere","status":"publish","type":"page","link":"https:\/\/vimova.ch\/fr\/carriere\/","title":{"rendered":"Carri\u00e8re v2"},"content":{"rendered":"","protected":false},"excerpt":{"rendered":"","protected":false},"author":8,"featured_media":0,"parent":0,"menu_order":0,"comment_status":"closed","ping_status":"closed","template":"template-page\/template-carriere-v2.php","meta":{"_acf_changed":false,"footnotes":""},"class_list":["post-861343","page","type-page","status-publish","hentry"],"acf":[],"yoast_head":"<!-- This site is optimized with the Yoast SEO plugin v27.4 - https:\/\/yoast.com\/product\/yoast-seo-wordpress\/ -->\n<title>Carri\u00e8res chez Vimova | R\u00e9gie immobili\u00e8re Suisse<\/title>\n<meta name=\"description\" content=\"D\u00e9couvre les opportunit\u00e9s de carri\u00e8re chez Vimova, r\u00e9gie immobili\u00e8re active de Gen\u00e8ve \u00e0 Saint-Gall. Rejoins une \u00e9quipe dynamique et passionn\u00e9e par l\u2019immobilier et l\u2019excellence du service.\" \/>\n<meta name=\"robots\" content=\"index, follow, max-snippet:-1, max-image-preview:large, max-video-preview:-1\" \/>\n<link rel=\"canonical\" href=\"https:\/\/vimova.ch\/fr\/carriere\/\" \/>\n<meta property=\"og:locale\" content=\"fr_FR\" \/>\n<meta property=\"og:type\" content=\"article\" \/>\n<meta property=\"og:title\" content=\"Carri\u00e8res chez Vimova | R\u00e9gie immobili\u00e8re Suisse\" \/>\n<meta property=\"og:description\" content=\"D\u00e9couvre les opportunit\u00e9s de carri\u00e8re chez Vimova, r\u00e9gie immobili\u00e8re active de Gen\u00e8ve \u00e0 Saint-Gall. Rejoins une \u00e9quipe dynamique et passionn\u00e9e par l\u2019immobilier et l\u2019excellence du service.\" \/>\n<meta property=\"og:url\" content=\"https:\/\/vimova.ch\/fr\/carriere\/\" \/>\n<meta property=\"og:site_name\" content=\"Vimova\" \/>\n<meta property=\"article:modified_time\" content=\"2026-03-18T08:27:17+00:00\" \/>\n<meta name=\"twitter:card\" content=\"summary_large_image\" \/>\n<script type=\"application\/ld+json\" class=\"yoast-schema-graph\">{\"@context\":\"https:\\\/\\\/schema.org\",\"@graph\":[{\"@type\":\"WebPage\",\"@id\":\"https:\\\/\\\/vimova.ch\\\/fr\\\/carriere\\\/\",\"url\":\"https:\\\/\\\/vimova.ch\\\/fr\\\/carriere\\\/\",\"name\":\"Carri\u00e8res chez Vimova | R\u00e9gie immobili\u00e8re Suisse\",\"isPartOf\":{\"@id\":\"https:\\\/\\\/vimova.ch\\\/fr\\\/#website\"},\"datePublished\":\"2025-10-15T10:15:25+00:00\",\"dateModified\":\"2026-03-18T08:27:17+00:00\",\"description\":\"D\u00e9couvre les opportunit\u00e9s de carri\u00e8re chez Vimova, r\u00e9gie immobili\u00e8re active de Gen\u00e8ve \u00e0 Saint-Gall. Rejoins une \u00e9quipe dynamique et passionn\u00e9e par l\u2019immobilier et l\u2019excellence du service.\",\"breadcrumb\":{\"@id\":\"https:\\\/\\\/vimova.ch\\\/fr\\\/carriere\\\/#breadcrumb\"},\"inLanguage\":\"fr-FR\",\"potentialAction\":[{\"@type\":\"ReadAction\",\"target\":[\"https:\\\/\\\/vimova.ch\\\/fr\\\/carriere\\\/\"]}]},{\"@type\":\"BreadcrumbList\",\"@id\":\"https:\\\/\\\/vimova.ch\\\/fr\\\/carriere\\\/#breadcrumb\",\"itemListElement\":[{\"@type\":\"ListItem\",\"position\":1,\"name\":\"Accueil\",\"item\":\"https:\\\/\\\/vimova.ch\\\/fr\\\/\"},{\"@type\":\"ListItem\",\"position\":2,\"name\":\"Carri\u00e8re v2\"}]},{\"@type\":\"WebSite\",\"@id\":\"https:\\\/\\\/vimova.ch\\\/fr\\\/#website\",\"url\":\"https:\\\/\\\/vimova.ch\\\/fr\\\/\",\"name\":\"Vimova\",\"description\":\"\",\"publisher\":{\"@id\":\"https:\\\/\\\/vimova.ch\\\/fr\\\/#organization\"},\"potentialAction\":[{\"@type\":\"SearchAction\",\"target\":{\"@type\":\"EntryPoint\",\"urlTemplate\":\"https:\\\/\\\/vimova.ch\\\/fr\\\/?s={search_term_string}\"},\"query-input\":{\"@type\":\"PropertyValueSpecification\",\"valueRequired\":true,\"valueName\":\"search_term_string\"}}],\"inLanguage\":\"fr-FR\"},{\"@type\":\"Organization\",\"@id\":\"https:\\\/\\\/vimova.ch\\\/fr\\\/#organization\",\"name\":\"Vimova\",\"url\":\"https:\\\/\\\/vimova.ch\\\/fr\\\/\",\"logo\":{\"@type\":\"ImageObject\",\"inLanguage\":\"fr-FR\",\"@id\":\"https:\\\/\\\/vimova.ch\\\/fr\\\/#\\\/schema\\\/logo\\\/image\\\/\",\"url\":\"http:\\\/\\\/vimova.ch\\\/wp-content\\\/uploads\\\/2022\\\/12\\\/emeria-logo-menu.png\",\"contentUrl\":\"http:\\\/\\\/vimova.ch\\\/wp-content\\\/uploads\\\/2022\\\/12\\\/emeria-logo-menu.png\",\"width\":382,\"height\":114,\"caption\":\"Vimova\"},\"image\":{\"@id\":\"https:\\\/\\\/vimova.ch\\\/fr\\\/#\\\/schema\\\/logo\\\/image\\\/\"}}]}<\/script>\n<!-- \/ Yoast SEO plugin. -->","yoast_head_json":{"title":"Carri\u00e8res chez Vimova | R\u00e9gie immobili\u00e8re Suisse","description":"D\u00e9couvre les opportunit\u00e9s de carri\u00e8re chez Vimova, r\u00e9gie immobili\u00e8re active de Gen\u00e8ve \u00e0 Saint-Gall. Rejoins une \u00e9quipe dynamique et passionn\u00e9e par l\u2019immobilier et l\u2019excellence du service.","robots":{"index":"index","follow":"follow","max-snippet":"max-snippet:-1","max-image-preview":"max-image-preview:large","max-video-preview":"max-video-preview:-1"},"canonical":"https:\/\/vimova.ch\/fr\/carriere\/","og_locale":"fr_FR","og_type":"article","og_title":"Carri\u00e8res chez Vimova | R\u00e9gie immobili\u00e8re Suisse","og_description":"D\u00e9couvre les opportunit\u00e9s de carri\u00e8re chez Vimova, r\u00e9gie immobili\u00e8re active de Gen\u00e8ve \u00e0 Saint-Gall. Rejoins une \u00e9quipe dynamique et passionn\u00e9e par l\u2019immobilier et l\u2019excellence du service.","og_url":"https:\/\/vimova.ch\/fr\/carriere\/","og_site_name":"Vimova","article_modified_time":"2026-03-18T08:27:17+00:00","twitter_card":"summary_large_image","schema":{"@context":"https:\/\/schema.org","@graph":[{"@type":"WebPage","@id":"https:\/\/vimova.ch\/fr\/carriere\/","url":"https:\/\/vimova.ch\/fr\/carriere\/","name":"Carri\u00e8res chez Vimova | R\u00e9gie immobili\u00e8re Suisse","isPartOf":{"@id":"https:\/\/vimova.ch\/fr\/#website"},"datePublished":"2025-10-15T10:15:25+00:00","dateModified":"2026-03-18T08:27:17+00:00","description":"D\u00e9couvre les opportunit\u00e9s de carri\u00e8re chez Vimova, r\u00e9gie immobili\u00e8re active de Gen\u00e8ve \u00e0 Saint-Gall. Rejoins une \u00e9quipe dynamique et passionn\u00e9e par l\u2019immobilier et l\u2019excellence du service.","breadcrumb":{"@id":"https:\/\/vimova.ch\/fr\/carriere\/#breadcrumb"},"inLanguage":"fr-FR","potentialAction":[{"@type":"ReadAction","target":["https:\/\/vimova.ch\/fr\/carriere\/"]}]},{"@type":"BreadcrumbList","@id":"https:\/\/vimova.ch\/fr\/carriere\/#breadcrumb","itemListElement":[{"@type":"ListItem","position":1,"name":"Accueil","item":"https:\/\/vimova.ch\/fr\/"},{"@type":"ListItem","position":2,"name":"Carri\u00e8re v2"}]},{"@type":"WebSite","@id":"https:\/\/vimova.ch\/fr\/#website","url":"https:\/\/vimova.ch\/fr\/","name":"Vimova","description":"","publisher":{"@id":"https:\/\/vimova.ch\/fr\/#organization"},"potentialAction":[{"@type":"SearchAction","target":{"@type":"EntryPoint","urlTemplate":"https:\/\/vimova.ch\/fr\/?s={search_term_string}"},"query-input":{"@type":"PropertyValueSpecification","valueRequired":true,"valueName":"search_term_string"}}],"inLanguage":"fr-FR"},{"@type":"Organization","@id":"https:\/\/vimova.ch\/fr\/#organization","name":"Vimova","url":"https:\/\/vimova.ch\/fr\/","logo":{"@type":"ImageObject","inLanguage":"fr-FR","@id":"https:\/\/vimova.ch\/fr\/#\/schema\/logo\/image\/","url":"http:\/\/vimova.ch\/wp-content\/uploads\/2022\/12\/emeria-logo-menu.png","contentUrl":"http:\/\/vimova.ch\/wp-content\/uploads\/2022\/12\/emeria-logo-menu.png","width":382,"height":114,"caption":"Vimova"},"image":{"@id":"https:\/\/vimova.ch\/fr\/#\/schema\/logo\/image\/"}}]}},"_links":{"self":[{"href":"https:\/\/vimova.ch\/fr\/wp-json\/wp\/v2\/pages\/861343","targetHints":{"allow":["GET"]}}],"collection":[{"href":"https:\/\/vimova.ch\/fr\/wp-json\/wp\/v2\/pages"}],"about":[{"href":"https:\/\/vimova.ch\/fr\/wp-json\/wp\/v2\/types\/page"}],"author":[{"embeddable":true,"href":"https:\/\/vimova.ch\/fr\/wp-json\/wp\/v2\/users\/8"}],"replies":[{"embeddable":true,"href":"https:\/\/vimova.ch\/fr\/wp-json\/wp\/v2\/comments?post=861343"}],"version-history":[{"count":2,"href":"https:\/\/vimova.ch\/fr\/wp-json\/wp\/v2\/pages\/861343\/revisions"}],"predecessor-version":[{"id":912913,"href":"https:\/\/vimova.ch\/fr\/wp-json\/wp\/v2\/pages\/861343\/revisions\/912913"}],"wp:attachment":[{"href":"https:\/\/vimova.ch\/fr\/wp-json\/wp\/v2\/media?parent=861343"}],"curies":[{"name":"wp","href":"https:\/\/api.w.org\/{rel}","templated":true}]}}